{"id":7,"date":"2023-03-09T13:05:17","date_gmt":"2023-03-09T13:05:17","guid":{"rendered":"https:\/\/coppeliaabogados.com\/?page_id=7"},"modified":"2023-10-26T20:02:27","modified_gmt":"2023-10-26T20:02:27","slug":"coppelia-abogados","status":"publish","type":"page","link":"https:\/\/coppeliaabogados.com\/","title":{"rendered":"Coppelia Abogados"},"content":{"rendered":"\n<p>\u00a1Bienvenido\/a! Estamos trabajando en la creaci\u00f3n de una web especializada en servicios legales para proporcionar una experiencia en l\u00ednea de calidad para nuestros clientes. Agradecemos su paciencia mientras construimos y organizamos nuestra p\u00e1gina. Pronto tendremos disponible toda la informaci\u00f3n que necesita para conocer nuestros servicios legales y c\u00f3mo podemos ayudarlo con sus necesidades jur\u00eddicas. \u00a1Vuelva pronto para conocer m\u00e1s sobre nosotros y c\u00f3mo podemos servirle!<\/p>\n","protected":false},"excerpt":{"rendered":"<p>\u00a1Bienvenido\/a! Estamos trabajando en la creaci\u00f3n de una web especializada en servicios legales para proporcionar una experiencia en l\u00ednea de calidad para nuestros clientes. Agradecemos su paciencia mientras construimos y organizamos nuestra p\u00e1gina. Pronto tendremos disponible toda la informaci\u00f3n que necesita para conocer nuestros servicios legales y c\u00f3mo podemos ayudarlo con sus necesidades jur\u00eddicas. \u00a1Vuelva &#8230; <a title=\"Coppelia Abogados\" class=\"read-more\" href=\"https:\/\/coppeliaabogados.com\/\" aria-label=\"Leer m\u00e1s sobre Coppelia Abogados\">Leer m\u00e1s<\/a><\/p>\n","protected":false},"author":1,"featured_media":0,"parent":0,"menu_order":0,"comment_status":"closed","ping_status":"closed","template":"","meta":{"footnotes":""},"class_list":["post-7","page","type-page","status-publish"],"_links":{"self":[{"href":"https:\/\/coppeliaabogados.com\/index.php?rest_route=\/wp\/v2\/pages\/7","targetHints":{"allow":["GET"]}}],"collection":[{"href":"https:\/\/coppeliaabogados.com\/index.php?rest_route=\/wp\/v2\/pages"}],"about":[{"href":"https:\/\/coppeliaabogados.com\/index.php?rest_route=\/wp\/v2\/types\/page"}],"author":[{"embeddable":true,"href":"https:\/\/coppeliaabogados.com\/index.php?rest_route=\/wp\/v2\/users\/1"}],"replies":[{"embeddable":true,"href":"https:\/\/coppeliaabogados.com\/index.php?rest_route=%2Fwp%2Fv2%2Fcomments&post=7"}],"version-history":[{"count":3,"href":"https:\/\/coppeliaabogados.com\/index.php?rest_route=\/wp\/v2\/pages\/7\/revisions"}],"predecessor-version":[{"id":28,"href":"https:\/\/coppeliaabogados.com\/index.php?rest_route=\/wp\/v2\/pages\/7\/revisions\/28"}],"wp:attachment":[{"href":"https:\/\/coppeliaabogados.com\/index.php?rest_route=%2Fwp%2Fv2%2Fmedia&parent=7"}],"curies":[{"name":"wp","href":"https:\/\/api.w.org\/{rel}","templated":true}]}}